{"id":9667,"date":"2024-04-30T08:59:46","date_gmt":"2024-04-30T07:59:46","guid":{"rendered":"https:\/\/josip.lu\/?page_id=9667"},"modified":"2025-05-14T10:19:15","modified_gmt":"2025-05-14T09:19:15","slug":"larochette-2024","status":"publish","type":"page","link":"https:\/\/josip.lu\/index.php\/larochette-2024\/","title":{"rendered":"Larochette 2024"},"content":{"rendered":"<p>[et_pb_section fb_built=&#8220;1&#8243; _builder_version=&#8220;4.25.0&#8243; _module_preset=&#8220;default&#8220; global_colors_info=&#8220;{}&#8220;][et_pb_row _builder_version=&#8220;4.27.4&#8243; _module_preset=&#8220;default&#8220; global_colors_info=&#8220;{}&#8220;][et_pb_column type=&#8220;4_4&#8243; _builder_version=&#8220;4.27.4&#8243; _module_preset=&#8220;default&#8220; global_colors_info=&#8220;{}&#8220;][et_pb_image src=&#8220;https:\/\/josip.lu\/wp-content\/uploads\/2025\/05\/2024_Expo_Fiels_Fotografen.jpg&#8220; title_text=&#8220;2024_Expo_Fiels_Fotografen&#8220; _builder_version=&#8220;4.27.4&#8243; _module_preset=&#8220;default&#8220; global_colors_info=&#8220;{}&#8220;][\/et_pb_image][\/et_pb_column][\/et_pb_row][et_pb_row column_structure=&#8220;1_2,1_2&#8243; _builder_version=&#8220;4.25.0&#8243; _module_preset=&#8220;default&#8220; global_colors_info=&#8220;{}&#8220;][et_pb_column type=&#8220;1_2&#8243; _builder_version=&#8220;4.25.0&#8243; _module_preset=&#8220;default&#8220; global_colors_info=&#8220;{}&#8220;][et_pb_image src=&#8220;https:\/\/josip.lu\/wp-content\/uploads\/2024\/04\/2024_Expo_Flyer_1.jpg&#8220; title_text=&#8220;2024_Expo_Flyer_1&#8243; _builder_version=&#8220;4.25.0&#8243; _module_preset=&#8220;default&#8220; global_colors_info=&#8220;{}&#8220;][\/et_pb_image][\/et_pb_column][et_pb_column type=&#8220;1_2&#8243; _builder_version=&#8220;4.25.0&#8243; _module_preset=&#8220;default&#8220; global_colors_info=&#8220;{}&#8220;][et_pb_image src=&#8220;https:\/\/josip.lu\/wp-content\/uploads\/2024\/04\/2024_Expo_Flyer_2.jpg&#8220; title_text=&#8220;2024_Expo_Flyer_2&#8243; _builder_version=&#8220;4.25.0&#8243; _module_preset=&#8220;default&#8220; global_colors_info=&#8220;{}&#8220;][\/et_pb_image][\/et_pb_column][\/et_pb_row][et_pb_row _builder_version=&#8220;4.27.4&#8243; _module_preset=&#8220;default&#8220; custom_margin=&#8220;50px||||false|false&#8220; global_colors_info=&#8220;{}&#8220;][et_pb_column type=&#8220;4_4&#8243; _builder_version=&#8220;4.27.4&#8243; _module_preset=&#8220;default&#8220; global_colors_info=&#8220;{}&#8220;][et_pb_text _builder_version=&#8220;4.27.4&#8243; _module_preset=&#8220;default&#8220; global_colors_info=&#8220;{}&#8220;]<\/p>\n<h2 style=\"text-align: center;\">Slide-Show Expo<\/h2>\n<p>[\/et_pb_text][et_pb_gallery gallery_ids=&#8220;10452,10453,10454,10455,10456,10457&#8243; fullwidth=&#8220;on&#8220; _builder_version=&#8220;4.27.4&#8243; _module_preset=&#8220;default&#8220; global_colors_info=&#8220;{}&#8220;][\/et_pb_gallery][\/et_pb_column][\/et_pb_row][et_pb_row _builder_version=&#8220;4.27.4&#8243; _module_preset=&#8220;default&#8220; custom_margin=&#8220;73px||||false|false&#8220; global_colors_info=&#8220;{}&#8220;][et_pb_column type=&#8220;4_4&#8243; _builder_version=&#8220;4.27.4&#8243; _module_preset=&#8220;default&#8220; global_colors_info=&#8220;{}&#8220;][et_pb_text _builder_version=&#8220;4.27.4&#8243; _module_preset=&#8220;default&#8220; global_colors_info=&#8220;{}&#8220;]<\/p>\n<h2 style=\"text-align: center;\"><strong>Stade de Luxembourg<\/strong><\/h2>\n<p><strong> <img loading=\"lazy\" decoding=\"async\" src=\"https:\/\/josip.lu\/wp-content\/uploads\/2025\/05\/2024_Stade-de-Luxembourg.jpg\" width=\"1920\" height=\"1280\" alt=\"\" class=\"wp-image-10462 aligncenter size-full\" srcset=\"https:\/\/josip.lu\/wp-content\/uploads\/2025\/05\/2024_Stade-de-Luxembourg.jpg 1920w, https:\/\/josip.lu\/wp-content\/uploads\/2025\/05\/2024_Stade-de-Luxembourg-1280x853.jpg 1280w, https:\/\/josip.lu\/wp-content\/uploads\/2025\/05\/2024_Stade-de-Luxembourg-980x653.jpg 980w, https:\/\/josip.lu\/wp-content\/uploads\/2025\/05\/2024_Stade-de-Luxembourg-480x320.jpg 480w\" sizes=\"(min-width: 0px) and (max-width: 480px) 480px, (min-width: 481px) and (max-width: 980px) 980px, (min-width: 981px) and (max-width: 1280px) 1280px, (min-width: 1281px) 1920px, 100vw\" \/><\/strong><\/p>\n<p>D\u00e9i nei Heemecht vun de \u201cRoude L\u00e9iwen\u201d, esouwuel fir de Foussball a Rugby, bitt Plaz fir 9.471 Zuschauer: 8.708 Standard, 512 VIP, 27 VVIP, 174 fir d\u2019Press a 50 Plaze fir Leit mat ageschr\u00e4nkter Mobilit\u00e9it. Den \u00e9ischten offizielle M\u00e4tsch gouf den 1. September 2021 gespillt a L\u00ebtzebuerg huet 2:1 g\u00e9int den Aserbaidschan gewonn. De Mica Pinto huet an der aachter Minutt den \u00e9ischte Gol geschoss.<\/p>\n<p>&nbsp;<\/p>\n<p>&nbsp;<\/p>\n<h2 style=\"text-align: center;\"><strong>\u201eDas Runde muss ins Eckige\u201c<\/strong><\/h2>\n<p><strong> <img loading=\"lazy\" decoding=\"async\" src=\"https:\/\/josip.lu\/wp-content\/uploads\/2025\/05\/2024_Runde_Eckige.jpg\" width=\"1920\" height=\"1280\" alt=\"\" class=\"wp-image-10460 aligncenter size-full\" srcset=\"https:\/\/josip.lu\/wp-content\/uploads\/2025\/05\/2024_Runde_Eckige.jpg 1920w, https:\/\/josip.lu\/wp-content\/uploads\/2025\/05\/2024_Runde_Eckige-1280x853.jpg 1280w, https:\/\/josip.lu\/wp-content\/uploads\/2025\/05\/2024_Runde_Eckige-980x653.jpg 980w, https:\/\/josip.lu\/wp-content\/uploads\/2025\/05\/2024_Runde_Eckige-480x320.jpg 480w\" sizes=\"(min-width: 0px) and (max-width: 480px) 480px, (min-width: 481px) and (max-width: 980px) 980px, (min-width: 981px) and (max-width: 1280px) 1280px, (min-width: 1281px) 1920px, 100vw\" \/><\/strong><\/p>\n<p>An engem Interview sot de Schalke-Trainer Helmut Schulte (Saison 1993\/1994) \u201cBall rund muss in Tor eckig\u201d an doraus ass d\u2019Zitat \u201cDas Runde muss ins Eckige\u201d entstanen. Egal w\u00e9ivill Leit an der Arena sinn, egal w\u00e9i d\u2019Konditiounen un a ronder\u00ebm den Terrain sinn, et muss een einfach \u00e4iskal seng Chancen notzen an ee Gol sch\u00e9issen an d\u2019\u00c4is briechen. H\u00e4erzer vun de Supportere schm\u00eblzen&#8230;<\/p>\n<p>&nbsp;<\/p>\n<p>&nbsp;<\/p>\n<h2 style=\"text-align: center;\">\u00a0<strong>\u201eDas Runde im Eckigen\u201c<\/strong><\/h2>\n<p><strong> <img loading=\"lazy\" decoding=\"async\" src=\"https:\/\/josip.lu\/wp-content\/uploads\/2025\/05\/2024_Runde_Eckige_KJH.jpg\" width=\"1920\" height=\"1278\" alt=\"\" class=\"wp-image-10461 aligncenter size-full\" srcset=\"https:\/\/josip.lu\/wp-content\/uploads\/2025\/05\/2024_Runde_Eckige_KJH.jpg 1920w, https:\/\/josip.lu\/wp-content\/uploads\/2025\/05\/2024_Runde_Eckige_KJH-1280x852.jpg 1280w, https:\/\/josip.lu\/wp-content\/uploads\/2025\/05\/2024_Runde_Eckige_KJH-980x652.jpg 980w, https:\/\/josip.lu\/wp-content\/uploads\/2025\/05\/2024_Runde_Eckige_KJH-480x320.jpg 480w\" sizes=\"(min-width: 0px) and (max-width: 480px) 480px, (min-width: 481px) and (max-width: 980px) 980px, (min-width: 981px) and (max-width: 1280px) 1280px, (min-width: 1281px) 1920px, 100vw\" \/><\/strong><\/p>\n<p>Koen Casteels vun 1899 Hoffenheim kuckt beim M\u00e4tsch op Schalke no ew\u00e9i \u201cDas Runde muss ins Eckige\u201d an den Eck flitt. Den 8. M\u00e4erz 2014 huet hie misste v\u00e9ier Mol de Ball aus dem Netz f\u00ebschen. Dr\u00e4imol huet de Klaas-Jan Huntelaar getraff an eemol de Chinedu Obasi. D\u2019Foto weist den 2:0 an der 28. Minutt. 04 Minutte m\u00e9i sp\u00e9it huet den \u201cHunter\u201d allerd\u00e9ngs een Eelefmeter verschoss.<\/p>\n<p>&nbsp;<\/p>\n<p>&nbsp;<\/p>\n<h2 style=\"text-align: center;\"><strong>Foussball fr\u00e9ier an haut<\/strong><\/h2>\n<p><strong> <img loading=\"lazy\" decoding=\"async\" src=\"https:\/\/josip.lu\/wp-content\/uploads\/2025\/05\/2024_Moderner-Fussball.jpg\" width=\"1920\" height=\"1280\" alt=\"\" class=\"wp-image-10458 aligncenter size-full\" srcset=\"https:\/\/josip.lu\/wp-content\/uploads\/2025\/05\/2024_Moderner-Fussball.jpg 1920w, https:\/\/josip.lu\/wp-content\/uploads\/2025\/05\/2024_Moderner-Fussball-1280x853.jpg 1280w, https:\/\/josip.lu\/wp-content\/uploads\/2025\/05\/2024_Moderner-Fussball-980x653.jpg 980w, https:\/\/josip.lu\/wp-content\/uploads\/2025\/05\/2024_Moderner-Fussball-480x320.jpg 480w\" sizes=\"(min-width: 0px) and (max-width: 480px) 480px, (min-width: 481px) and (max-width: 980px) 980px, (min-width: 981px) and (max-width: 1280px) 1280px, (min-width: 1281px) 1920px, 100vw\" \/><\/strong><\/p>\n<p>D\u2019Z\u00e4iten \u00e4nnere sech. Fr\u00e9ier hunn d\u2019Foussballspiller fir een Apel an ee St\u00e9ck Brout gespillt. Meeschtens hate se nach ee Beruff fir de Liewens\u00ebnnerhalt k\u00ebnnen ze finanz\u00e9ieren. Am haitege Foussball huet sech de Sport zur Niewesaach entw\u00e9ckelt. Spiller an nach m\u00e9i Leit ronder\u00ebm liewen an enger eegener Welt. Merci dem Dikrecher Foussballclub fir den ale Foussballschong aus hirer Vitrinne fir d\u00ebs Expo.<\/p>\n<p>&nbsp;<\/p>\n<p>&nbsp;<\/p>\n<h2 style=\"text-align: center;\"><strong>Geplatzten Dram<\/strong><\/h2>\n<p><strong> <img loading=\"lazy\" decoding=\"async\" src=\"https:\/\/josip.lu\/wp-content\/uploads\/2025\/05\/2024_Underdog.jpg\" width=\"1920\" height=\"1280\" alt=\"\" class=\"wp-image-10465 aligncenter size-full\" srcset=\"https:\/\/josip.lu\/wp-content\/uploads\/2025\/05\/2024_Underdog.jpg 1920w, https:\/\/josip.lu\/wp-content\/uploads\/2025\/05\/2024_Underdog-1280x853.jpg 1280w, https:\/\/josip.lu\/wp-content\/uploads\/2025\/05\/2024_Underdog-980x653.jpg 980w, https:\/\/josip.lu\/wp-content\/uploads\/2025\/05\/2024_Underdog-480x320.jpg 480w\" sizes=\"(min-width: 0px) and (max-width: 480px) 480px, (min-width: 481px) and (max-width: 980px) 980px, (min-width: 981px) and (max-width: 1280px) 1280px, (min-width: 1281px) 1920px, 100vw\" \/><\/strong><\/p>\n<p>D\u2019Rolle si kloer verdeelt an dach k\u00ebnnt et aneschtes w\u00e9i een denkt. Den Underdog suergt dofir, datt hie mat sengem vollen Asaz an der on\u00ebnnerbrachener \u00cbnnerst\u00ebtzung vu senge Fans g\u00e9int de grousse Favorit gew\u00ebnnt an domadder s\u00e4in Dram platze l\u00e9isst. Beispiller ginn et m\u00e9i genuch an op d\u00ebser Plaz sief un den 21. Mee 1997 er\u00ebnnert. Schalke huet den Uefa-Cup g\u00e9int Inter Mailand GEwonn.<\/p>\n<p>&nbsp;<\/p>\n<p>&nbsp;<\/p>\n<h2 style=\"text-align: center;\">\u00a0<strong>Tomaten op den Aen<\/strong><\/h2>\n<p><strong> <img loading=\"lazy\" decoding=\"async\" src=\"https:\/\/josip.lu\/wp-content\/uploads\/2025\/05\/2024_Tomaten_Schiri.jpg\" width=\"1920\" height=\"1280\" alt=\"\" class=\"wp-image-10464 aligncenter size-full\" srcset=\"https:\/\/josip.lu\/wp-content\/uploads\/2025\/05\/2024_Tomaten_Schiri.jpg 1920w, https:\/\/josip.lu\/wp-content\/uploads\/2025\/05\/2024_Tomaten_Schiri-1280x853.jpg 1280w, https:\/\/josip.lu\/wp-content\/uploads\/2025\/05\/2024_Tomaten_Schiri-980x653.jpg 980w, https:\/\/josip.lu\/wp-content\/uploads\/2025\/05\/2024_Tomaten_Schiri-480x320.jpg 480w\" sizes=\"(min-width: 0px) and (max-width: 480px) 480px, (min-width: 481px) and (max-width: 980px) 980px, (min-width: 981px) and (max-width: 1280px) 1280px, (min-width: 1281px) 1920px, 100vw\" \/><\/strong><\/p>\n<p>Wann ee verl\u00e9iert ass et meeschtens dem Arbitter seng Schold. Ee kloren Eelefmeeter g\u00ebtt net gepaff, n\u00ebmmen eng giel aplaz eng rout Kaart a sou weider a sou fort. Och de m\u00ebttlerweil ber\u00fc\u00fcmte \u201cVideo Assistant Referee\u201d (VAR) dr\u00e9it reegelm\u00e9isseg s\u00e4in Deel dozou b\u00e4i, datt Ekippe sech net \u00ebmmer gerecht behandelt fillen. An deem S\u00ebnn: An awer war et den 19. Mee 2001 kee R\u00e9ckpass&#8230;<\/p>\n<p>&nbsp;<\/p>\n<p>&nbsp;<\/p>\n<h2 style=\"text-align: center;\"><strong>Relioun? Schalke!<\/strong><\/h2>\n<p><strong> <img loading=\"lazy\" decoding=\"async\" src=\"https:\/\/josip.lu\/wp-content\/uploads\/2025\/05\/2024_Religion_Schalke-768x1024.jpg\" width=\"768\" height=\"1024\" alt=\"\" class=\"wp-image-10459 aligncenter size-large\" \/><\/strong><\/p>\n<p>Virum M\u00e4tsch hu souwuel Spiller a Fans hir eege Ritualer an et ass net verwonnerlech, datt sech de Foussball als eng Relioun ges\u00e4it. An der St. Joseph-Kierch op Schalke zu Gelsenkirchen g\u00ebtt et seguer eng ganz speziell Kierchef\u00ebnster: Den Aloisius vu Gonzaga ass als Foussballspiller an de Faarwe vum Schalke 04 a mat engem Ball um Fouss illustr\u00e9iert. Entworf gouf d\u2019F\u00ebnster an de 1950er Joren.<\/p>\n<p>&nbsp;<\/p>\n<p>&nbsp;<\/p>\n<h2 style=\"text-align: center;\"><strong>Steht auf, wenn ihr Schalker seid&#8230;<\/strong><\/h2>\n<p><strong> <img loading=\"lazy\" decoding=\"async\" src=\"https:\/\/josip.lu\/wp-content\/uploads\/2025\/05\/2024_Steht_Auf.jpg\" width=\"1920\" height=\"1200\" alt=\"\" class=\"wp-image-10463 aligncenter size-full\" srcset=\"https:\/\/josip.lu\/wp-content\/uploads\/2025\/05\/2024_Steht_Auf.jpg 1920w, https:\/\/josip.lu\/wp-content\/uploads\/2025\/05\/2024_Steht_Auf-1280x800.jpg 1280w, https:\/\/josip.lu\/wp-content\/uploads\/2025\/05\/2024_Steht_Auf-980x613.jpg 980w, https:\/\/josip.lu\/wp-content\/uploads\/2025\/05\/2024_Steht_Auf-480x300.jpg 480w\" sizes=\"(min-width: 0px) and (max-width: 480px) 480px, (min-width: 481px) and (max-width: 980px) 980px, (min-width: 981px) and (max-width: 1280px) 1280px, (min-width: 1281px) 1920px, 100vw\" \/><\/strong><\/p>\n<p>Beim R\u00e9ckspill an der Halleffinall vum Uefa-Cup g\u00e9int Teneriffa am Abr\u00ebll 1997 huet de Clive Lawery fir d\u00e9i \u00e9ischte K\u00e9ier ganz eleng \u201cSteht auf, wenn ihr Schalker seid\u201d gesongen an duerno de ganze Stadion mat. D\u2019Melodie bas\u00e9iert op d\u2019Lidd \u201cGo West\u201d vun de \u201cPet Shop Boys\u201d. \u00c9ier de Stadion 2008 ofgerappt gouf, huet sech d\u00ebs Planz op der fr\u00e9ierer Haapttrib\u00fcn s\u00e4i Wee duerch de B\u00ebton fr\u00e4i gemeet.<\/p>\n<p>&nbsp;<\/p>\n<p>&nbsp;<\/p>\n<h2 style=\"text-align: center;\"><strong>Foussballschong un den Nol h\u00e4nken<\/strong><\/h2>\n<p><strong> <img loading=\"lazy\" decoding=\"async\" src=\"https:\/\/josip.lu\/wp-content\/uploads\/2025\/05\/2024_Ende.jpg\" width=\"1920\" height=\"1280\" alt=\"\" class=\"wp-image-10466 aligncenter size-full\" srcset=\"https:\/\/josip.lu\/wp-content\/uploads\/2025\/05\/2024_Ende.jpg 1920w, https:\/\/josip.lu\/wp-content\/uploads\/2025\/05\/2024_Ende-1280x853.jpg 1280w, https:\/\/josip.lu\/wp-content\/uploads\/2025\/05\/2024_Ende-980x653.jpg 980w, https:\/\/josip.lu\/wp-content\/uploads\/2025\/05\/2024_Ende-480x320.jpg 480w\" sizes=\"(min-width: 0px) and (max-width: 480px) 480px, (min-width: 481px) and (max-width: 980px) 980px, (min-width: 981px) and (max-width: 1280px) 1280px, (min-width: 1281px) 1920px, 100vw\" \/><\/strong><\/p>\n<p>Den Erfolleg ass verblatzt. De Kierper brauch \u00ebmmer m\u00e9i laang fir sech vun de Strapazen ze erhuelen. Op der anerer S\u00e4it jonk Spiller, d\u00e9i fir den Erfolleg alles opginn hunn a lo mat eidelen H\u00e4nn stinn. Z\u00e4it de Schratt an d\u2019Realit\u00e9it ze maachen. Allerd\u00e9ngs f\u00e4lt dat vill m\u00e9i schw\u00e9ier ew\u00e9i geduecht an dob\u00e4i verf\u00e4nkt ee sech beim Austrieden. Aus der Dier zur grousser Welt ass ee klengt Lach an d\u2019Liewe ginn.<\/p>\n<p>[\/et_pb_text][\/et_pb_column][\/et_pb_row][et_pb_row _builder_version=&#8220;4.27.4&#8243; _module_preset=&#8220;default&#8220; global_colors_info=&#8220;{}&#8220;][et_pb_column type=&#8220;4_4&#8243; _builder_version=&#8220;4.27.4&#8243; _module_preset=&#8220;default&#8220; global_colors_info=&#8220;{}&#8220;][et_pb_image src=&#8220;https:\/\/josip.lu\/wp-content\/uploads\/2025\/05\/2024_Expo_Fiels_Edito-scaled.jpg&#8220; title_text=&#8220;2024_Expo_Fiels_Edito&#8220; _builder_version=&#8220;4.27.4&#8243; _module_preset=&#8220;default&#8220; global_colors_info=&#8220;{}&#8220;][\/et_pb_image][\/et_pb_column][\/et_pb_row][\/et_pb_section]<\/p>\n","protected":false},"excerpt":{"rendered":"<p>Slide-Show ExpoStade de Luxembourg D\u00e9i nei Heemecht vun de \u201cRoude L\u00e9iwen\u201d, esouwuel fir de Foussball a Rugby, bitt Plaz fir 9.471 Zuschauer: 8.708 Standard, 512 VIP, 27 VVIP, 174 fir d\u2019Press a 50 Plaze fir Leit mat ageschr\u00e4nkter Mobilit\u00e9it. Den \u00e9ischten offizielle M\u00e4tsch gouf den 1. September 2021 gespillt a L\u00ebtzebuerg huet 2:1 g\u00e9int den [&hellip;]<\/p>\n","protected":false},"author":1,"featured_media":0,"parent":0,"menu_order":0,"comment_status":"closed","ping_status":"closed","template":"","meta":{"_et_pb_use_builder":"on","_et_pb_old_content":"","_et_gb_content_width":"","footnotes":""},"class_list":["post-9667","page","type-page","status-publish","hentry"],"_links":{"self":[{"href":"https:\/\/josip.lu\/index.php\/wp-json\/wp\/v2\/pages\/9667","targetHints":{"allow":["GET"]}}],"collection":[{"href":"https:\/\/josip.lu\/index.php\/wp-json\/wp\/v2\/pages"}],"about":[{"href":"https:\/\/josip.lu\/index.php\/wp-json\/wp\/v2\/types\/page"}],"author":[{"embeddable":true,"href":"https:\/\/josip.lu\/index.php\/wp-json\/wp\/v2\/users\/1"}],"replies":[{"embeddable":true,"href":"https:\/\/josip.lu\/index.php\/wp-json\/wp\/v2\/comments?post=9667"}],"version-history":[{"count":5,"href":"https:\/\/josip.lu\/index.php\/wp-json\/wp\/v2\/pages\/9667\/revisions"}],"predecessor-version":[{"id":10470,"href":"https:\/\/josip.lu\/index.php\/wp-json\/wp\/v2\/pages\/9667\/revisions\/10470"}],"wp:attachment":[{"href":"https:\/\/josip.lu\/index.php\/wp-json\/wp\/v2\/media?parent=9667"}],"curies":[{"name":"wp","href":"https:\/\/api.w.org\/{rel}","templated":true}]}}